{"id":10,"date":"2019-02-04T00:03:13","date_gmt":"2019-02-04T00:03:13","guid":{"rendered":"https:\/\/centreedusoma.com\/?page_id=10"},"modified":"2025-05-15T16:10:48","modified_gmt":"2025-05-15T16:10:48","slug":"contact","status":"publish","type":"page","link":"https:\/\/centreedusoma.com\/index.php\/contact\/","title":{"rendered":"Contact"},"content":{"rendered":"<p><iframe loading=\"lazy\" style=\"border: 0;\" src=\"https:\/\/www.google.com\/maps\/embed?pb=!1m18!1m12!1m3!1d2795.129998230422!2d-73.58159698444045!3d45.5275894791018!2m3!1f0!2f0!3f0!3m2!1i1024!2i768!4f13.1!3m3!1m2!1s0x4cc91bda97d7f2cb%3A0xbcd0263bde4386d5!2s1012+Avenue+du+Mont-Royal+E%2C+Montr%C3%A9al%2C+QC+H2J+1X6!5e0!3m2!1sfr!2sca!4v1558116681893!5m2!1sfr!2sca\" width=\"600\" height=\"450\" frameborder=\"0\" allowfullscreen=\"allowfullscreen\"><\/iframe><\/p>\n<p>1012, avenue du Mont-Royal est, bureau 107<\/p>\n<p>Montr\u00e9al, Qu\u00e9bec, H2J 1X6<\/p>\n<p>T\u00e9l\u00e9phone : 514-522-8027<\/p>\n<p>courriel: <a href=\"mailto:feldenkrais@oguimond.com\">feldenkrais@oguimond.com<\/a><\/p>\n","protected":false},"excerpt":{"rendered":"<p>1012, avenue du Mont-Royal est, bureau 107 Montr\u00e9al, Qu\u00e9bec, H2J 1X6 T\u00e9l\u00e9phone : 514-522-8027 courriel: feldenkrais@oguimond.com<\/p>\n","protected":false},"author":1,"featured_media":0,"parent":0,"menu_order":0,"comment_status":"closed","ping_status":"closed","template":"","meta":{"footnotes":""},"class_list":["post-10","page","type-page","status-publish","hentry"],"_links":{"self":[{"href":"https:\/\/centreedusoma.com\/index.php\/wp-json\/wp\/v2\/pages\/10","targetHints":{"allow":["GET"]}}],"collection":[{"href":"https:\/\/centreedusoma.com\/index.php\/wp-json\/wp\/v2\/pages"}],"about":[{"href":"https:\/\/centreedusoma.com\/index.php\/wp-json\/wp\/v2\/types\/page"}],"author":[{"embeddable":true,"href":"https:\/\/centreedusoma.com\/index.php\/wp-json\/wp\/v2\/users\/1"}],"replies":[{"embeddable":true,"href":"https:\/\/centreedusoma.com\/index.php\/wp-json\/wp\/v2\/comments?post=10"}],"version-history":[{"count":5,"href":"https:\/\/centreedusoma.com\/index.php\/wp-json\/wp\/v2\/pages\/10\/revisions"}],"predecessor-version":[{"id":681,"href":"https:\/\/centreedusoma.com\/index.php\/wp-json\/wp\/v2\/pages\/10\/revisions\/681"}],"wp:attachment":[{"href":"https:\/\/centreedusoma.com\/index.php\/wp-json\/wp\/v2\/media?parent=10"}],"curies":[{"name":"wp","href":"https:\/\/api.w.org\/{rel}","templated":true}]}}