{"id":196,"date":"2019-05-30T14:08:31","date_gmt":"2019-05-30T14:08:31","guid":{"rendered":"https:\/\/centreedusoma.com\/?page_id=196"},"modified":"2020-01-08T20:32:07","modified_gmt":"2020-01-08T20:32:07","slug":"temoignages","status":"publish","type":"page","link":"https:\/\/centreedusoma.com\/index.php\/temoignages\/","title":{"rendered":"T\u00e9moignages"},"content":{"rendered":"\n<p>Certains participants \u00e0 mes le\u00e7ons et \u00e0 mes ateliers,&nbsp; que je pr\u00e9f\u00e8re consid\u00e9rer comme de pr\u00e9cieux co-chercheurs, ont accept\u00e9 de partager avec vous leurs t\u00e9moignages d\u2019apprentissage. Je les en remercie.<br><\/p>\n\n\n\n<hr class=\"wp-block-separator\"\/>\n\n\n\n<p style=\"color:#075f5e;font-size:14px\" class=\"has-text-color has-background has-very-light-gray-background-color\">\u00ab\u00a0C\u2019est fascinant de pouvoir faire surgir une \u00e9motion seulement par une respiration particuli\u00e8re, une posture\/mouvement et une expression organis\u00e9e du visage. Pour prendre conscience de ses habitudes \u00ab d\u2019\u00e9tat d\u2019\u00eatre \u00bb, c\u2019est une approche g\u00e9niale!\u00a0L\u2019apprentissage et la pratique permettent de rep\u00e9rer ses fa\u00e7ons habituelles de s\u2019exprimer et invitent \u00e0 gouter diff\u00e9rentes versions de soi-m\u00eame qui sont rarement visit\u00e9es. Des versions qui m\u00e8nent au raffinement de soi. \u00bb<\/p>\n\n\n\n<p style=\"color:#075f5e;text-align:right\" class=\"has-text-color\"><strong>Sylvie B\u00e9liveau, 52 ans, \u00e9ducatrice somatique<\/strong><\/p>\n\n\n\n<hr class=\"wp-block-separator\"\/>\n\n\n\n<p style=\"color:#075f5e;font-size:14px\" class=\"has-text-color has-background has-very-light-gray-background-color\"><em><strong>\u00ab<\/strong> Il y a six ans maintenant que je participe aux le\u00e7ons hebdomadaires de Conscience du corps par le mouvement avec Odette.<\/em><br><em> J&rsquo;ai commenc\u00e9 par des le\u00e7ons individuelles sur table car, \u00e0 68 ans, avec mes limites physiques, je ne croyais pas pouvoir m&rsquo;installer au sol. J&rsquo;ai tout de suite \u00e9t\u00e9 s\u00e9duite par la douceur, l&rsquo;int\u00e9riorit\u00e9 de la m\u00e9thode Feldenkrais. \u00c0 la session suivante, je voulais me joindre au groupe et Odette m&rsquo;a montr\u00e9 comment me relever du tapis.<\/em><br><em>Depuis, j&rsquo;ai appris: 1. que la douleur s&rsquo;estompe lorsque je cesse de me contracter et que je change de position; 2. qu&rsquo;il y a plus d&rsquo;une mani\u00e8re de faire quelque chose et beaucoup de nuances dans l&rsquo;accomplissement; 3. \u00e0 me centrer, \u00e0 respirer, \u00e0 me redresser avant d&rsquo;entamer un mouvement ou une activit\u00e9; 4. \u00e0 mieux respecter mes limites. Et bien d&rsquo;autres choses encore, en profondeur, de l&rsquo;int\u00e9rieur.  <strong>\u00bb<\/strong><\/em><\/p>\n\n\n\n<p style=\"color:#075f5e;text-align:right\" class=\"has-text-color\"><strong>  Lise Bergeron<\/strong><\/p>\n\n\n\n<hr class=\"wp-block-separator\"\/>\n\n\n\n<p style=\"color:#075f5e;font-size:14px\" class=\"has-text-color has-background has-very-light-gray-background-color\"><em>\u00ab Par les le\u00e7ons en individuelle, j\u2019essaie d\u2019apprendre \u00e0 me tenir oups me tenir? non \u00e0 aller vers la verticale sans efforts inutiles, sans me faire mal, \u00e0 avancer sans freiner mon \u00e9lan ni le forcer etc\u2026etc\u2026<\/em><br><em>Plus je vieillissais, plus j\u2019avais mal, plus bouger me faisait mal et je tendais vers bouger le moins possible.<\/em><br><em>J\u2019apprends lentement mais s\u00fbrement \u00e0 rel\u00e2cher ce que je tiens, \u00e0 aller dans une d\u00e9tente profonde, mon ost\u00e9opathe peut en t\u00e9moigner.&nbsp;<\/em><br><em>Je rel\u00e2che la pression, le perfectionnisme, les mille et un questionnements qui ont empoisonn\u00e9 ma vie.<\/em><br><em> Toute cette sage mobilit\u00e9 me rend plus joyeuse et moins souffrante. Par contre chaque nouveau rel\u00e2chement est malheureusement parfois pr\u00e9c\u00e9d\u00e9 par une confusion entre les vieilles habitudes et les nouvelles propositions initi\u00e9es durant les le\u00e7ons. Je quitte la le\u00e7on rajeunie, sans avoir mal mais par la suite c\u2019est la bataille avant d\u2019int\u00e9grer ces nouvelles fa\u00e7ons de bouger.<\/em><br><em>Mais lorsque je retrouve une nouvelle organisation: quelle diff\u00e9rence, quel bien-\u00eatre. \u00bb<\/em><\/p>\n\n\n\n<p style=\"color:#075f5e;text-align:right\" class=\"has-text-color\"><strong>Louise Champagne-Trudel, psychologue retrait\u00e9e<\/strong><\/p>\n\n\n\n<hr class=\"wp-block-separator\"\/>\n\n\n\n<p style=\"color:#075f5e;font-size:14px\" class=\"has-text-color has-background has-very-light-gray-background-color\"><em>\u00ab J\u2019aimerais ici t\u00e9moigner de mon exp\u00e9rience d\u2019apprentissage avec la m\u00e9thode Feldenkrais:  Cette d\u00e9marche a d\u00e9but\u00e9 pour moi il y a une vingtaine d\u2019ann\u00e9es. Au travers de le\u00e7ons individuelles et de groupes, j\u2019ai pu explorer la possibilit\u00e9 de me mouvoir avec plus d\u2019aisance, donc de plaisir. Bref, de me sentir mieux globalement dans mon corps.<\/em><br><em>Ce processus d\u2019observation et d\u2019\u00e9coute sensible a \u00e9t\u00e9 pour ma part graduel et est en constante progression. Je peux dire aujourd\u2019hui que celui-ci m\u2019a rendu plus libre dans mon corps, plus heureux. \u00bb<\/em><\/p>\n\n\n\n<p style=\"color:#075f5e;text-align:right\" class=\"has-text-color\"><strong>Carol Dub\u00e9, 65 ans<\/strong><\/p>\n\n\n\n<p style=\"color:#075f5e;font-size:14px\" class=\"has-text-color has-background has-very-light-gray-background-color\"><em>\u00ab For almost fifteen years I took Feldenkrais classes with Odette Guimond.<\/em><br><em>These classes made it possible for me to climb<\/em><br><em>the pyramid of the Sun in Mexico only three months<\/em><br><em>after a hip replacement operation.<\/em><br><em>I was spared a great deal of pain and discomfort because the<\/em><br><em>Classes made my movement easier and more conscious.<\/em><br><em>I have recommended the process&nbsp; to all my friends,<\/em><br><em>And know that it has enriched my life. \u00bb<\/em><\/p>\n\n\n\n<p style=\"color:#075f5e;text-align:right\" class=\"has-text-color\"><strong>Anna Fuerstenberg<\/strong><\/p>\n\n\n\n<hr class=\"wp-block-separator\"\/>\n\n\n\n<p style=\"color:#075f5e;font-size:14px\" class=\"has-text-color has-background has-very-light-gray-background-color\"><em>\u00ab C&rsquo;est un plaisir de pouvoir t\u00e9moigner de ce qu&rsquo;a fait pour moi l&rsquo;atelier-conf\u00e9rence du mercredi. En me rapprochant de la th\u00e9orie de la m\u00e9thode Feldenkrais et de son application pratique sous la direction bienveillante et \u00e9clair\u00e9e d&rsquo;Odette, mon corps a rencontr\u00e9 son cerveau. Bien que je n&rsquo;en comprenne pas bien la pr\u00e9cieuse m\u00e9canique, depuis cet atelier une toute nouvelle \u00e9nergie de cr\u00e9ation se d\u00e9ploie devant moi \u00e0 travers ma pratique du dessin.<\/em><br><em>Pour tout dire j&rsquo;ai de nouvelles neurones et c&rsquo;est formidable. \u00bb<\/em><\/p>\n\n\n\n<p style=\"color:#075f5e;text-align:right\" class=\"has-text-color\"><strong>Chantal Hamel<\/strong><\/p>\n\n\n\n<hr class=\"wp-block-separator\"\/>\n\n\n\n<p style=\"color:#075f5e;font-size:14px\" class=\"has-text-color has-background has-very-light-gray-background-color\">\u00ab J&rsquo;ai le privil\u00e8ge de prendre des le\u00e7ons individuelles avec Odette Guimond. Mes questionnements et mes demandes trouvent r\u00e9ponses et attentions imm\u00e9diates et pr\u00e9cises. Elle sait cr\u00e9er un environnement accueillant et confortable, c&rsquo;est un plaisir \u00e0 chaque rencontre. J&rsquo;en sors grandie. \u00bb<\/p>\n\n\n\n<p style=\"color:#075f5e;text-align:right\" class=\"has-text-color\"><strong>co-chercheuse anonyme<\/strong><br><\/p>\n\n\n\n<hr class=\"wp-block-separator\"\/>\n\n\n\n<p style=\"color:#075f5e;font-size:14px\" class=\"has-text-color has-background has-very-light-gray-background-color\">\u00ab&nbsp;<em>La m\u00e9thode Feldenkrais m\u2019a permis d\u2019am\u00e9liorer ma posture et d\u2019oublier ma l\u00e9g\u00e8re scoliose. Bien que je fasse du Feldenkrais depuis vingt ans maintenant, je continue d\u2019apprendre. J\u2019attribue l\u2019absence de douleurs dans le bas du dos et du dos en g\u00e9n\u00e9ral \u00e0 cette \u00e9ducation somatique, exp\u00e9riment\u00e9e en le\u00e7ons de groupe et compl\u00e9t\u00e9e par des le\u00e7ons individuelles. Les le\u00e7ons individuelles repr\u00e9sentent, pour moi, un moment privil\u00e9gi\u00e9 pour porter attention \u00e0 un besoin particulier. Cela peut \u00eatre une faiblesse ou le r\u00e9tablissement fonctionnel d\u2019une articulation, par exemple \u00e0 la suite d\u2019un accident et de la physioth\u00e9rapie. Odette Guimond travaille en douceur avec ses participants. C\u2019est sa voix douce qui guide les mouvements en groupe et son toucher d\u00e9licat et pr\u00e9cis en individuelle. J\u2019appr\u00e9cie aussi le d\u00e9but des le\u00e7ons qui commencent par un balayage de tout le corps, y compris la respiration. C\u2019est une exp\u00e9rience \u00e0 la fois sensorielle et holistique et un exemple de prise de conscience.&nbsp;<\/em>\u00bb<\/p>\n\n\n\n<p style=\"color:#075f5e;text-align:right\" class=\"has-text-color\"><strong>Petra Sentes<\/strong><br><\/p>\n\n\n\n<hr class=\"wp-block-separator\"\/>\n\n\n\n<p style=\"color:#075f5e;font-size:14px\" class=\"has-text-color has-background has-very-light-gray-background-color\"><em>\u00ab C&rsquo;est Odette Guimond qui m&rsquo;a fait conna\u00eetre le Feldenkrais. La voix d&rsquo;Odette s&rsquo;est av\u00e9r\u00e9e tr\u00e8s importante pour moi durant les ateliers de Feldenkrais en petits groupes.<\/em><br><em>Une voix qui invite \u00e0 l&rsquo;exploration, une voix avec de la chaleur et une pointe d&rsquo;humour dedans, une voix pos\u00e9e qui emm\u00e8ne vers l&rsquo;int\u00e9rieur, sans jugement.<\/em><br><em>Durant les le\u00e7ons individuelles, avec du silence attentif de part et d&rsquo;autre et quelques phrases rep\u00e8res, les mains d&rsquo;Odette \/ et son corps \/ me mettent en mouvement sur la table, de mani\u00e8res nouvelles. \u00c0 la toute fin de chaque le\u00e7on, ce qui est merveilleux, ses mains prennent ma t\u00eate qui s&rsquo;abandonne pour vivre une nouvelle naissance avec plus de conscience.<\/em><br><em>Puis, c&rsquo;est le lever en douceur et la marche qui reprend son cours. \u00bb<\/em><\/p>\n\n\n\n<p style=\"color:#075f5e;text-align:right\" class=\"has-text-color\"><strong>Judith-Louise Thibault<\/strong><br><\/p>\n\n\n\n<hr class=\"wp-block-separator\"\/>\n","protected":false},"excerpt":{"rendered":"<p>Certains participants \u00e0 mes le\u00e7ons et \u00e0 mes ateliers,&nbsp; que je pr\u00e9f\u00e8re consid\u00e9rer comme de pr\u00e9cieux co-chercheurs, ont accept\u00e9 de partager avec vous leurs t\u00e9moignages d\u2019apprentissage. Je les en remercie. \u00ab\u00a0C\u2019est fascinant de pouvoir faire surgir une \u00e9motion seulement par une respiration particuli\u00e8re, une posture\/mouvement et une expression organis\u00e9e du visage. Pour prendre conscience de &hellip; <\/p>\n<p class=\"link-more\"><a href=\"https:\/\/centreedusoma.com\/index.php\/temoignages\/\" class=\"more-link\">Continuer la lecture<span class=\"screen-reader-text\"> de &laquo;&nbsp;T\u00e9moignages&nbsp;&raquo;<\/span><\/a><\/p>\n","protected":false},"author":1,"featured_media":0,"parent":0,"menu_order":0,"comment_status":"closed","ping_status":"closed","template":"","meta":{"footnotes":""},"class_list":["post-196","page","type-page","status-publish","hentry"],"_links":{"self":[{"href":"https:\/\/centreedusoma.com\/index.php\/wp-json\/wp\/v2\/pages\/196","targetHints":{"allow":["GET"]}}],"collection":[{"href":"https:\/\/centreedusoma.com\/index.php\/wp-json\/wp\/v2\/pages"}],"about":[{"href":"https:\/\/centreedusoma.com\/index.php\/wp-json\/wp\/v2\/types\/page"}],"author":[{"embeddable":true,"href":"https:\/\/centreedusoma.com\/index.php\/wp-json\/wp\/v2\/users\/1"}],"replies":[{"embeddable":true,"href":"https:\/\/centreedusoma.com\/index.php\/wp-json\/wp\/v2\/comments?post=196"}],"version-history":[{"count":24,"href":"https:\/\/centreedusoma.com\/index.php\/wp-json\/wp\/v2\/pages\/196\/revisions"}],"predecessor-version":[{"id":443,"href":"https:\/\/centreedusoma.com\/index.php\/wp-json\/wp\/v2\/pages\/196\/revisions\/443"}],"wp:attachment":[{"href":"https:\/\/centreedusoma.com\/index.php\/wp-json\/wp\/v2\/media?parent=196"}],"curies":[{"name":"wp","href":"https:\/\/api.w.org\/{rel}","templated":true}]}}