{"id":63,"date":"2019-03-19T13:42:29","date_gmt":"2019-03-19T13:42:29","guid":{"rendered":"https:\/\/centreedusoma.com\/?page_id=63"},"modified":"2025-05-30T19:13:34","modified_gmt":"2025-05-30T19:13:34","slug":"les-ateliers-conferences","status":"publish","type":"page","link":"https:\/\/centreedusoma.com\/index.php\/les-ateliers-conferences\/","title":{"rendered":"Ateliers-conf\u00e9rences"},"content":{"rendered":"\n<p><\/p>\n\n\n\n<p class=\"has-text-align-center\" style=\"font-size:17px\"><strong>L\u2019\u00e9ducation somatique et le Feldenkrais sont m\u00e9connus dans notre soci\u00e9t\u00e9. En quoi est-ce diff\u00e9rent d\u2019un soin th\u00e9rapeutique ou d\u2019un entra\u00eenement physique? Je vous invite \u00e0 revisiter par l\u2019exp\u00e9rience les id\u00e9es toutes faites que l\u2019on entretient collectivement sur le corps, la conscience, l\u2019apprentissage et le mouvement.&nbsp;<\/strong><\/p>\n\n\n\n<div class=\"wp-block-media-text alignwide\" style=\"grid-template-columns:46% auto\"><figure class=\"wp-block-media-text__media\"><img loading=\"lazy\" decoding=\"async\" width=\"800\" height=\"533\" src=\"https:\/\/centreedusoma.com\/wp-content\/uploads\/2019\/06\/Feldenkrais_065.jpg\" alt=\"\" class=\"wp-image-277 size-full\" srcset=\"https:\/\/centreedusoma.com\/wp-content\/uploads\/2019\/06\/Feldenkrais_065.jpg 800w, https:\/\/centreedusoma.com\/wp-content\/uploads\/2019\/06\/Feldenkrais_065-300x200.jpg 300w, https:\/\/centreedusoma.com\/wp-content\/uploads\/2019\/06\/Feldenkrais_065-768x512.jpg 768w\" sizes=\"auto, (max-width: 767px) 89vw, (max-width: 1000px) 54vw, (max-width: 1071px) 543px, 580px\" \/><\/figure><div class=\"wp-block-media-text__content\">\n<p class=\"has-very-light-gray-color has-text-color has-background\" style=\"background-color:#2252a4\">Chaque rencontre comprend une le\u00e7on de&nbsp;<em>Prise de Conscience par le Mouvement<\/em> (m\u00e9thode <em>Feldenkrais<\/em>), un \u00e9change sur le th\u00e8me propos\u00e9, une courte pr\u00e9sentation th\u00e9orique et des suggestions de lecture. L\u2019\u00e9ducation somatique met en mouvement autant le corps que l\u2019esprit. il s\u2019agit d\u2019une pratique r\u00e9flexive o\u00f9 l\u2019ensemble de la personne apprend \u00e0 apprendre et \u00e0 d\u00e9velopper tout son potentiel.<\/p>\n<\/div><\/div>\n\n\n\n<p><strong>Co\u00fbt :<\/strong>&nbsp;500$<\/p>\n\n\n\n<p><\/p>\n\n\n\n<p><strong>\u00c9t\u00e9 2025<br><\/strong>Les lundis *sur zoom*, de 11h \u00e0 13h, du 30 juin au 15 septembre (sauf le 11 ao\u00fbt et 1er sept.)<\/p>\n\n\n\n<p>Les mercredis, de 17h \u00e0 19h, du 2 juillet au 10 septembre (sauf le 13 ao\u00fbt)&nbsp;<\/p>\n\n\n\n<p><strong>Automne 2025<\/strong><br>Les lundis *sur zoom*, de 11h \u00e0 13h, du 22 septembre au 1er d\u00e9cembre (sauf 13 octobre)<\/p>\n\n\n\n<p>Les mercredis, de 17h \u00e0 19h, du 17 septembre au 26 novembre (sauf le 15 octobre)<\/p>\n\n\n\n<p><strong>Hiver 2026<\/strong><br>Les lundis *sur zoom*, de 11h \u00e0 13h, du 12 janvier au 23 mars (sauf le 2 mars)<\/p>\n\n\n\n<p>Les mercredis, de 17h \u00e0 19h, du 14 janvier au 25 mars&nbsp;(sauf 4 mars)<\/p>\n\n\n\n<p><strong>Printemps 2026<\/strong><br>Les lundis *sur zoom*, de 11h \u00e0 13h, du 13 avril au 22 juin (sauf le 18 mai)<\/p>\n\n\n\n<p>Les mercredis, de 17h \u00e0 19h, du 15 avril au 17 juin<\/p>\n\n\n\n<p class=\"has-text-color\" style=\"color:#2252a4\"><br><\/p>\n\n\n\n<p><strong>Description des cours :&nbsp;<\/strong><\/p>\n\n\n\n<ul class=\"wp-block-list\">\n<li><strong>Cours 1: Se r\u00e9approprier son corps&nbsp;<\/strong>Somatique et \u00e9ducation somatique<\/li>\n\n\n\n<li><strong>Cours 2: Prendre le temps de ralentir&nbsp;<\/strong>Fondements th\u00e9oriques d\u2019une pratique somatique<\/li>\n\n\n\n<li><strong>Cours 3: Apprendre \u00e0 ressentir plut\u00f4t qu\u2019\u00e0 forcer&nbsp;<\/strong>Impacts d\u2019une s\u00e9paration m\u00e9taphorique du corps et de l\u2019esprit<\/li>\n\n\n\n<li><strong>Cours 4: Prendre plaisir \u00e0 explorer le changement&nbsp;<\/strong>\u00c9ducation somatique, mouvement et somaesth\u00e9tique<\/li>\n\n\n\n<li><strong>Cours 5: Bouger en respectant ses limites&nbsp;<\/strong>Survol de l\u2019historique des grandes m\u00e9thodes d\u2019\u00e9ducation somatique<\/li>\n\n\n\n<li><strong>Cours 6: Antiroutines et variations \u00abhabit\u00e9es\u00bb&nbsp;<\/strong>Concepts cl\u00e9 et variantes p\u00e9dagogiques<\/li>\n\n\n\n<li><strong>Cours 7: Respiration et qualit\u00e9 de vie&nbsp;<\/strong>Image et sens de soi, \u00e9motions, bases somatiques de la conscience<\/li>\n\n\n\n<li><strong>Cours 8: Laisser mariner les apprentissages&nbsp;<\/strong>Autopoi\u00e9sis et&nbsp;unit\u00e9 biologique dans son environnement<\/li>\n\n\n\n<li><strong>Cours 9: Ma\u00eetriser les choses \u00e0 sa mani\u00e8re&nbsp;<\/strong>Pr\u00e9sence et processus cr\u00e9ateur dans toute activit\u00e9 quotidienne ou professionnelle<\/li>\n\n\n\n<li><strong>Cours 10: Entra\u00eener l\u2019observateur en nous&nbsp;<\/strong>Apprentissage, libert\u00e9 individuelle, responsabilit\u00e9 sociale, politique et culturelle<\/li>\n<\/ul>\n\n\n\n<div class=\"wp-block-button\"><a class=\"wp-block-button__link has-very-light-gray-color has-text-color has-background wp-element-button\" href=\"https:\/\/forms.gle\/TSvaTj6tEuxGjoYp9\" style=\"background-color:#2252a4\">M&rsquo;inscrire<\/a><\/div>\n\n\n\n<p><\/p>\n","protected":false},"excerpt":{"rendered":"<p>L\u2019\u00e9ducation somatique et le Feldenkrais sont m\u00e9connus dans notre soci\u00e9t\u00e9. En quoi est-ce diff\u00e9rent d\u2019un soin th\u00e9rapeutique ou d\u2019un entra\u00eenement physique? Je vous invite \u00e0 revisiter par l\u2019exp\u00e9rience les id\u00e9es toutes faites que l\u2019on entretient collectivement sur le corps, la conscience, l\u2019apprentissage et le mouvement.&nbsp; Chaque rencontre comprend une le\u00e7on de&nbsp;Prise de Conscience par le &hellip; <\/p>\n<p class=\"link-more\"><a href=\"https:\/\/centreedusoma.com\/index.php\/les-ateliers-conferences\/\" class=\"more-link\">Continuer la lecture<span class=\"screen-reader-text\"> de &laquo;&nbsp;Ateliers-conf\u00e9rences&nbsp;&raquo;<\/span><\/a><\/p>\n","protected":false},"author":1,"featured_media":0,"parent":0,"menu_order":0,"comment_status":"closed","ping_status":"closed","template":"","meta":{"footnotes":""},"class_list":["post-63","page","type-page","status-publish","hentry"],"_links":{"self":[{"href":"https:\/\/centreedusoma.com\/index.php\/wp-json\/wp\/v2\/pages\/63","targetHints":{"allow":["GET"]}}],"collection":[{"href":"https:\/\/centreedusoma.com\/index.php\/wp-json\/wp\/v2\/pages"}],"about":[{"href":"https:\/\/centreedusoma.com\/index.php\/wp-json\/wp\/v2\/types\/page"}],"author":[{"embeddable":true,"href":"https:\/\/centreedusoma.com\/index.php\/wp-json\/wp\/v2\/users\/1"}],"replies":[{"embeddable":true,"href":"https:\/\/centreedusoma.com\/index.php\/wp-json\/wp\/v2\/comments?post=63"}],"version-history":[{"count":24,"href":"https:\/\/centreedusoma.com\/index.php\/wp-json\/wp\/v2\/pages\/63\/revisions"}],"predecessor-version":[{"id":688,"href":"https:\/\/centreedusoma.com\/index.php\/wp-json\/wp\/v2\/pages\/63\/revisions\/688"}],"wp:attachment":[{"href":"https:\/\/centreedusoma.com\/index.php\/wp-json\/wp\/v2\/media?parent=63"}],"curies":[{"name":"wp","href":"https:\/\/api.w.org\/{rel}","templated":true}]}}