{"id":64,"date":"2019-03-19T13:42:29","date_gmt":"2019-03-19T13:42:29","guid":{"rendered":"https:\/\/centreedusoma.com\/?page_id=64"},"modified":"2025-05-30T19:11:17","modified_gmt":"2025-05-30T19:11:17","slug":"feldenkrais-et-corps-emotionnel","status":"publish","type":"page","link":"https:\/\/centreedusoma.com\/index.php\/feldenkrais-et-corps-emotionnel\/","title":{"rendered":"FELDENKRAIS\u00ae et CORPS \u00c9MOTIONNEL"},"content":{"rendered":"\n<p class=\"has-text-align-center\">En collaboration avec :<\/p>\n\n\n<div class=\"wp-block-image\">\n<figure class=\"aligncenter is-resized\"><a href=\"http:\/\/www.ecoleautopoiesis.com\" target=\"_blank\" rel=\"noreferrer noopener\"><img loading=\"lazy\" decoding=\"async\" src=\"https:\/\/centreedusoma.com\/wp-content\/uploads\/2019\/06\/AUTOPOIESIS-LOGO-avec-le-O-1.png\" alt=\"\" class=\"wp-image-381\" width=\"515\" height=\"185\" srcset=\"https:\/\/centreedusoma.com\/wp-content\/uploads\/2019\/06\/AUTOPOIESIS-LOGO-avec-le-O-1.png 687w, https:\/\/centreedusoma.com\/wp-content\/uploads\/2019\/06\/AUTOPOIESIS-LOGO-avec-le-O-1-300x107.png 300w\" sizes=\"auto, (max-width: 515px) 100vw, 515px\" \/><\/a><\/figure>\n<\/div>\n\n\n<hr class=\"wp-block-separator has-css-opacity\"\/>\n\n\n\n<p><strong>Savez-vous reconna\u00eetre vos propres \u00e9motions et ressentir si elles sont authentiques? Pouvez-vous passer avec fluidit\u00e9 de l\u2019une \u00e0 l\u2019autre? Avez-vous conscience de vos opinions personnelles et des pr\u00e9jug\u00e9s culturels que vous entretenez \u00e0 propos de certaines expressions?<\/strong><\/p>\n\n\n\n<div style=\"height:50px\" aria-hidden=\"true\" class=\"wp-block-spacer\"><\/div>\n\n\n\n<div class=\"wp-block-media-text alignwide\" style=\"grid-template-columns:45% auto\"><figure class=\"wp-block-media-text__media\"><img loading=\"lazy\" decoding=\"async\" width=\"800\" height=\"579\" src=\"https:\/\/centreedusoma.com\/wp-content\/uploads\/2019\/06\/Respirationposture\u00e9motion.jpg\" alt=\"\" class=\"wp-image-282 size-full\" srcset=\"https:\/\/centreedusoma.com\/wp-content\/uploads\/2019\/06\/Respirationposture\u00e9motion.jpg 800w, https:\/\/centreedusoma.com\/wp-content\/uploads\/2019\/06\/Respirationposture\u00e9motion-300x217.jpg 300w, https:\/\/centreedusoma.com\/wp-content\/uploads\/2019\/06\/Respirationposture\u00e9motion-768x556.jpg 768w\" sizes=\"auto, (max-width: 767px) 89vw, (max-width: 1000px) 54vw, (max-width: 1071px) 543px, 580px\" \/><\/figure><div class=\"wp-block-media-text__content\">\n<p class=\"has-background\" style=\"background-color:#ceeafa;font-size:15px\">Chaque rencontre comprend une exploration des&nbsp;mod\u00e8les&nbsp;\u00e9motionnels effecteurs (<em>patterns<\/em>&nbsp;\u00e9motionnels)<em>,<\/em>&nbsp;en lien avec une le\u00e7on de <em>Prise de Conscience par le Mouvement<\/em> (M\u00e9thode <em>Feldenkrais<\/em><strong>\u00ae<\/strong> d&rsquo;\u00e9ducation somatique). \u00c9change sur le&nbsp;<em>pattern<\/em>&nbsp;expressif propos\u00e9.&nbsp; Aucun contenu \u00e9motionnel personnel n\u2019est \u00e9voqu\u00e9 ni utilis\u00e9.<\/p>\n<\/div><\/div>\n\n\n\n<p><strong>NEUTRALIT\u00c9 ET MOBILIT\u00c9<\/strong><\/p>\n\n\n\n<p>On pense souvent que neutralit\u00e9 et mobilit\u00e9 sont le contraire l\u2019un de l\u2019autre. Pourtant, autant en Feldenkrais\u00ae que dans l\u2019apprentissage des mod\u00e8les \u00e9motionnels effecteurs en Emotional Body\u00ae, neutralit\u00e9 et mobilit\u00e9 sont les facettes invers\u00e9es d\u2019une m\u00eame r\u00e9alit\u00e9 et le secret de l\u2019expression de tout son potentiel.<\/p>\n\n\n\n<p><strong>DE LA COL\u00c8RE \u00c0 LA TENDRESSE<\/strong><\/p>\n\n\n\n<p>Neutralit\u00e9 et mobilit\u00e9 permettent de passer de la col\u00e8re \u00e0 la tendresse, en transformant sa mani\u00e8re de respirer, son tonus musculaire et son orientation dans l\u2019espace. Deux mani\u00e8res de respirer par le nez pour focaliser son attention et prendre soin de ceux qui nous sont chers.<\/p>\n\n\n\n<p><strong>DE LA PEUR \u00c0 L\u2019AMOUR<\/strong><\/p>\n\n\n\n<p>Neutralit\u00e9 et mobilit\u00e9 permettent d\u2019assurer sa survie et de partager les plaisirs de la vie. En transformant sa mani\u00e8re de respirer la bouche ouverte, on peut passer de la peur de mourir \u00e0 l\u2019amour de la vie, en modulant son tonus musculaire et la relation \u00e0 ce qui nous entoure.<\/p>\n\n\n\n<p><strong>DE LA TRISTESSE \u00c0 LA JOIE<\/strong><\/p>\n\n\n\n<p>Passer du rire aux larmes, des larmes au rire, c\u2019est une exp\u00e9rience commune quand on vit sous pression. Neutralit\u00e9 et mobilit\u00e9 permettent d\u2019exprimer sa peine ou son contentement, sans craindre de mourir de rire ou de douleur. Respirer par le nez et expirer par la bouche pour rel\u00e2cher les tensions, cela peut aider \u00e0 revenir au neutre.<\/p>\n\n\n\n<p><strong>MASQUES, M\u00c9LODIES ET INTENSIT\u00c9S<\/strong><\/p>\n\n\n\n<p>Les expressions faciales peuvent \u00eatre aussi fig\u00e9es que le sont des masques et refl\u00e9ter l\u2019image que&nbsp; l\u2019on veut donner de soi-m\u00eame de l\u2019ext\u00e9rieur. Elles trahissent souvent des habitudes respiratoires, musculaires et relationnelles tout aussi rigides. Neutralit\u00e9 et mobilit\u00e9 permettent l\u2019expression authentique des \u00e9motions, d\u2019en varier \u00e0 la fois la m\u00e9lodie et les intensit\u00e9s.<\/p>\n\n\n\n<h4 class=\"wp-block-heading\"><strong><em>Prise de Conscience par le Mouvement<\/em>\u00ae et Patterns \u00e9motionnels effecteurs (Emotional Body\u00ae)<\/strong><\/h4>\n\n\n\n<p>PROCHAINES DATES<\/p>\n\n\n\n<p>EN INTENSIF :<\/p>\n\n\n\n<ul class=\"wp-block-list\">\n<li>PRINTEMPS 2025 : du 25 au 29 juin, de 9h30 \u00e0 17h<\/li>\n\n\n\n<li>\u00c9T\u00c9 2025 : du 11 au 15 ao\u00fbt, de 9h30 \u00e0 17h<\/li>\n\n\n\n<li>AUTOMNE 2025 : du 14 au 18 octobre, de 9h30 \u00e0 17h<\/li>\n\n\n\n<li>HIVER 2026 : du 5 au 9 janvier, de 9h30 \u00e0 17h<\/li>\n\n\n\n<li>HIVER 2026 : du 2 au 6 mars, de 9h30 \u00e0 17h<\/li>\n\n\n\n<li>PRINTEMPS 2026: du 23 au 28 juin (sauf le 24), de 9h30 \u00e0 17h<\/li>\n<\/ul>\n\n\n\n<p>LES LUNDIS (10 semaines) :&nbsp;<\/p>\n\n\n\n<ul class=\"wp-block-list\">\n<li>\u00c9T\u00c9 2025 : 30 juin au 15 septembre (sauf 11 ao\u00fbt et 1er sept.), de 14h30 \u00e0 17h30<\/li>\n\n\n\n<li>AUTOMNE 2025 : &nbsp;du 22 sept. au 15 d\u00e9cembre (sauf 13 octobre), de 14h30 \u00e0 17h30<\/li>\n\n\n\n<li>HIVER 2026 : du 12 janvier au 23 mars (sauf le 2 mars), de 14h30 \u00e0 17h30<\/li>\n\n\n\n<li>PRINTEMPS 2026 : du 13 avril au 22 juin (sauf le 18 mai),&nbsp;&nbsp;de 14h30 \u00e0 17h30<\/li>\n<\/ul>\n\n\n\n<p>LES VENDREDIS (10 semaines) *Sur zoom:<\/p>\n\n\n\n<ul class=\"wp-block-list\">\n<li>\u00c9T\u00c9 2025 : du 4 juillet au 12 septembre (sauf le 15 ao\u00fbt), de 13h \u00e0 16h<\/li>\n\n\n\n<li>AUTOMNE 2025 : du 26 septembre au 12 d\u00e9cembre (sauf les 10 et 17 octobre), de 13h \u00e0 16h<\/li>\n\n\n\n<li>HIVER 2026 : du 16 janvier au 27 mars (sauf le 6 mars), de 13h \u00e0 16h<\/li>\n\n\n\n<li>PRINTEMPS 2026 : du 17 avril au 19 juin, de 13h \u00e0 16h<\/li>\n<\/ul>\n\n\n\n<p><\/p>\n\n\n\n<p>* modifications d\u2019horaires disponibles sur demande pour les petits groupes *<\/p>\n\n\n\n<p>* AUTOPO\u00cf\u00c9SIS a maintenant un abonnement ZOOM pour que les ateliers puissent \u00eatre disponibles \u00e0 tous en toutes circonstances. *<\/p>\n\n\n\n<p>PRIX<\/p>\n\n\n\n<h6 class=\"wp-block-heading\">600$<\/h6>\n\n\n\n<h6 class=\"wp-block-heading\">*530$ si inscription 2 mois \u00e0 l\u2019avance<\/h6>\n\n\n\n<p>NOMBRE D\u2019HEURES : 30<\/p>\n\n\n\n<div class=\"wp-block-button\"><a class=\"wp-block-button__link has-very-dark-gray-color has-text-color has-background wp-element-button\" href=\"https:\/\/forms.gle\/TSvaTj6tEuxGjoYp9\" style=\"background-color:#ceeafa\" target=\"_blank\" rel=\"noreferrer noopener\">M&rsquo;inscrire<\/a><\/div>\n","protected":false},"excerpt":{"rendered":"<p>En collaboration avec : Savez-vous reconna\u00eetre vos propres \u00e9motions et ressentir si elles sont authentiques? Pouvez-vous passer avec fluidit\u00e9 de l\u2019une \u00e0 l\u2019autre? Avez-vous conscience de vos opinions personnelles et des pr\u00e9jug\u00e9s culturels que vous entretenez \u00e0 propos de certaines expressions? Chaque rencontre comprend une exploration des&nbsp;mod\u00e8les&nbsp;\u00e9motionnels effecteurs (patterns&nbsp;\u00e9motionnels),&nbsp;en lien avec une le\u00e7on de Prise &hellip; <\/p>\n<p class=\"link-more\"><a href=\"https:\/\/centreedusoma.com\/index.php\/feldenkrais-et-corps-emotionnel\/\" class=\"more-link\">Continuer la lecture<span class=\"screen-reader-text\"> de &laquo;&nbsp;FELDENKRAIS\u00ae et CORPS \u00c9MOTIONNEL&nbsp;&raquo;<\/span><\/a><\/p>\n","protected":false},"author":1,"featured_media":0,"parent":0,"menu_order":0,"comment_status":"closed","ping_status":"closed","template":"","meta":{"footnotes":""},"class_list":["post-64","page","type-page","status-publish","hentry"],"_links":{"self":[{"href":"https:\/\/centreedusoma.com\/index.php\/wp-json\/wp\/v2\/pages\/64","targetHints":{"allow":["GET"]}}],"collection":[{"href":"https:\/\/centreedusoma.com\/index.php\/wp-json\/wp\/v2\/pages"}],"about":[{"href":"https:\/\/centreedusoma.com\/index.php\/wp-json\/wp\/v2\/types\/page"}],"author":[{"embeddable":true,"href":"https:\/\/centreedusoma.com\/index.php\/wp-json\/wp\/v2\/users\/1"}],"replies":[{"embeddable":true,"href":"https:\/\/centreedusoma.com\/index.php\/wp-json\/wp\/v2\/comments?post=64"}],"version-history":[{"count":38,"href":"https:\/\/centreedusoma.com\/index.php\/wp-json\/wp\/v2\/pages\/64\/revisions"}],"predecessor-version":[{"id":686,"href":"https:\/\/centreedusoma.com\/index.php\/wp-json\/wp\/v2\/pages\/64\/revisions\/686"}],"wp:attachment":[{"href":"https:\/\/centreedusoma.com\/index.php\/wp-json\/wp\/v2\/media?parent=64"}],"curies":[{"name":"wp","href":"https:\/\/api.w.org\/{rel}","templated":true}]}}