{"id":76,"date":"2019-03-19T20:20:58","date_gmt":"2019-03-19T20:20:58","guid":{"rendered":"https:\/\/centreedusoma.com\/?page_id=76"},"modified":"2024-06-11T14:53:45","modified_gmt":"2024-06-11T14:53:45","slug":"alba-emoting","status":"publish","type":"page","link":"https:\/\/centreedusoma.com\/index.php\/alba-emoting\/","title":{"rendered":"Emotional Body\u00ae \/ Alba Emoting&#x2122;"},"content":{"rendered":"\n<p class=\"has-text-align-center has-text-color has-medium-font-size\" style=\"color:#075f5e\"><em>\u00ab Apprenez la possibilit\u00e9 d&rsquo;entrer et de sortir d\u2019un \u00e9tat \u00e9motionnel avec pr\u00e9cision. D\u00e9veloppez votre conscience de ce qui se passe avec vos \u00e9motions\u2026 \u00bb (<\/em><strong>Susana Bloch<\/strong><em>) \u00abVous \u00eates un corps \u00e9motionnel. [\u2026] des \u00e9motions, qui influencent tout ce que vous sentez, ce que vous pensez, ce que vous faites, ce que vous dites. \u00bb (<\/em><strong><em>Laura Bond<\/em><\/strong><em>)<\/em><\/p>\n\n\n\n<hr class=\"wp-block-separator has-css-opacity\"\/>\n\n\n\n<p>Ces m\u00e9thode permettent \u00e0 chacun d\u2019apprendre \u00e0 faire na\u00eetre, \u00e0 exprimer et \u00e0 moduler consciemment et de fa\u00e7on s\u00e9curitaire, en s\u2019appuyant sur des moyens physiologiques et organiques, les six \u00e9motions fondamentales identifi\u00e9es par une \u00e9quipe de chercheurs dirig\u00e9e par Susana Bloch durant les ann\u00e9es 1970.&nbsp; Elles aident \u00e0 comprendre toute une s\u00e9rie d\u2019\u00e9motions mixtes qui apparaissent au cours du d\u00e9veloppement de l\u2019exp\u00e9rience humaine. Ces m\u00e9thodes utilisent des&nbsp;<em>patterns&nbsp;<\/em>respiratoires particuliers, accompagn\u00e9s par des attitudes posturales et des expressions faciales sp\u00e9cifiques \u00e0 chaque \u00e9motion. La ma\u00eetrise de ces&nbsp;<em>patterns&nbsp;<\/em>pr\u00e9cis aide toute personne \u00e0 exprimer avec justesse, \u00e0 reconna\u00eetre et \u00e0 moduler ses \u00e9motions, \u00e0 mieux reconna\u00eetre les \u00e9motions des autres, et \u00e0 transmettre ses \u00e9motions sans ambigu\u00eft\u00e9. Ces m\u00e9thodes sont reconnues comme des outils de formation efficaces pour les acteurs, mais elles int\u00e9ressent \u00e9galement d\u2019autres professionnels dans les domaines de la sant\u00e9, des arts, de l\u2019\u00e9ducation et des communications.<\/p>\n\n\n\n<h2 class=\"wp-block-heading\"><strong>L\u2019Alba Emoting&#x2122; de Susana Bloch<\/strong><\/h2>\n\n\n\n<div class=\"wp-block-media-text alignwide\" style=\"grid-template-columns:17% auto\"><figure class=\"wp-block-media-text__media\"><img loading=\"lazy\" decoding=\"async\" width=\"656\" height=\"928\" src=\"https:\/\/centreedusoma.com\/wp-content\/uploads\/2019\/06\/SusannaBloch.png\" alt=\"\" class=\"wp-image-353\" srcset=\"https:\/\/centreedusoma.com\/wp-content\/uploads\/2019\/06\/SusannaBloch.png 656w, https:\/\/centreedusoma.com\/wp-content\/uploads\/2019\/06\/SusannaBloch-212x300.png 212w\" sizes=\"auto, (max-width: 656px) 100vw, 656px\" \/><\/figure><div class=\"wp-block-media-text__content\">\n\n<p style=\"font-size:17px\">Susana Bloch, docteure en neurosciences et sp\u00e9cialiste en neurophysiologie et en psychophysiologie est reconnue au plan international pour ses recherches et sa contribution aux \u00e9tudes les plus r\u00e9centes dans le domaine des \u00e9motions. D\u2019origine allemande, elle a \u00e9tudi\u00e9 au Chili et aux \u00c9tats-Unis.<\/p>\n\n<\/div><\/div>\n\n\n\n<p>Elle a poursuivi une carri\u00e8re universitaire au Chili avant d\u2019\u00eatre nomm\u00e9e Directrice de Recherches au CNRS en France. Elle a cr\u00e9\u00e9 son laboratoire \u00e0 l\u2019Universit\u00e9 Pierre et Marie Curie \u00e0 Paris, o\u00f9 elle a travaill\u00e9 durant 23 ans. Elle a publi\u00e9 plus d\u2019une centaine d\u2019articles dans des revues internationales, portant sur le cerveau et le comportement. Elle s\u2019est int\u00e9ress\u00e9e plus sp\u00e9cifiquement \u00e0 des sujets tels la perception visuelle, l\u2019apprentissage et la motivation, et la psychophysiologie des \u00e9motions humaines. Suite \u00e0 de nombreuses ann\u00e9es de recherches sur ce sujet sp\u00e9cifique, elle a cr\u00e9\u00e9 sa propre m\u00e9thode, destin\u00e9e d\u2019abord aux acteurs et \u00e0 des fins de psychoth\u00e9rapie. Elle vit actuellement au Chili.<\/p>\n\n\n\n<div class=\"wp-block-media-text alignwide\" style=\"grid-template-columns:13% auto\"><figure class=\"wp-block-media-text__media\"><img loading=\"lazy\" decoding=\"async\" width=\"336\" height=\"502\" src=\"https:\/\/centreedusoma.com\/wp-content\/uploads\/2019\/06\/Alba-Emoting.png\" alt=\"\" class=\"wp-image-308\" srcset=\"https:\/\/centreedusoma.com\/wp-content\/uploads\/2019\/06\/Alba-Emoting.png 336w, https:\/\/centreedusoma.com\/wp-content\/uploads\/2019\/06\/Alba-Emoting-201x300.png 201w\" sizes=\"auto, (max-width: 336px) 100vw, 336px\" \/><\/figure><div class=\"wp-block-media-text__content\">\n\n<p style=\"font-size:14px\">2017: BLOCH, Susana. <em>Alba Emoting: A Scientific Method for Emotional Induction<\/em>. CreateSpace Independent Publishing Platform. (ISBN : 978-1542548847)<\/p>\n\n<\/div><\/div>\n\n\n\n<div class=\"wp-block-button is-style-default aligncenter\"><a class=\"wp-block-button__link has-very-light-gray-color has-text-color has-background wp-element-button\" href=\"https:\/\/www.albamethod.com\" style=\"background-color:#075f5e\">Alba Method Association<\/a><\/div>\n\n\n\n<div style=\"height:50px\" aria-hidden=\"true\" class=\"wp-block-spacer\"><\/div>\n\n\n\n<hr class=\"wp-block-separator has-css-opacity\"\/>\n\n\n\n<h2 class=\"wp-block-heading\"><strong>Diff\u00e9rences et liens entre l\u2019Alba Emoting&#x2122; et l\u2019Emotional Body\u00ae de Laura Bond<\/strong><\/h2>\n\n\n\n<div class=\"wp-block-media-text alignwide is-stacked-on-mobile\" style=\"grid-template-columns:16% auto\"><figure class=\"wp-block-media-text__media\"><img loading=\"lazy\" decoding=\"async\" width=\"670\" height=\"940\" src=\"https:\/\/centreedusoma.com\/wp-content\/uploads\/2019\/06\/LauraBond.png\" alt=\"\" class=\"wp-image-357 size-full\" srcset=\"https:\/\/centreedusoma.com\/wp-content\/uploads\/2019\/06\/LauraBond.png 670w, https:\/\/centreedusoma.com\/wp-content\/uploads\/2019\/06\/LauraBond-214x300.png 214w\" sizes=\"auto, (max-width: 670px) 100vw, 670px\" \/><\/figure><div class=\"wp-block-media-text__content\">\n<p style=\"font-size:17px\">Susana Bloch a d\u00e9velopp\u00e9 son propre style d\u2019enseignement des\u00a0<em>patterns\u00a0<\/em>\u00e9motionnels (mod\u00e8les \u00e9motionnels effecteurs) pour en faire une technique qui porte le nom d\u2019 Alba Emoting&#x2122;. La mani\u00e8re dont les membres de l\u2019\u00e9quipe de Emotional Body\u00ae (professeures certifi\u00e9es en Alba Emoting&#x2122;)\u00a0abordent l\u2019enseignement de ces\u00a0<em>patterns<\/em>\u00a0\u00e9motionnels diff\u00e8re. <\/p>\n<\/div><\/div>\n\n\n\n<p>Laura Bond, professeure et ma\u00eetre certifi\u00e9e en Alba Emoting &#x2122; (CL5), a constitu\u00e9 une approche p\u00e9dagogique en douceur et tout en finesse, en basant l\u2019apprentissage des\u00a0<em>patterns<\/em>\u00a0\u00e9motionnels fondamentaux sur la prise de conscience du ressenti somatique.\u00a0 Influenc\u00e9e par la philosophie de l\u2019\u00e9ducation somatique et particuli\u00e8rement par la M\u00e9thode\u00a0<em>Feldenkrais<\/em>\u00ae, elle aborde l\u2019apprentissage des\u00a0<em>patterns<\/em>\u00a0\u00e9motionnels de mani\u00e8re exploratoire et progressive, en mettant l\u2019accent sur la r\u00e9versibilit\u00e9 \u00e9motionnelle. Utilisant un minimum d\u2019effort pour un maximum d\u2019efficacit\u00e9, et moins ax\u00e9e sur la performance que sur le processus, Emotional Body\u00ae s\u2019inscrit d\u2019embl\u00e9e dans la perspective de l\u2019\u00e9ducation somatique. Cette m\u00e9thode peut \u00e9galement constituer une tr\u00e8s bonne introduction \u00e0 l\u2019Alba Emoting&#x2122; et \u00eatre plus accessible dans un premier temps \u00e0 ceux qui ne sont ni acteurs, ni psychologues.<\/p>\n\n\n\n<div class=\"wp-block-media-text alignwide\" style=\"grid-template-columns:13% auto\"><figure class=\"wp-block-media-text__media\"><img loading=\"lazy\" decoding=\"async\" width=\"350\" height=\"524\" src=\"https:\/\/centreedusoma.com\/wp-content\/uploads\/2019\/06\/TheEmotionalBody.png\" alt=\"\" class=\"wp-image-310\" srcset=\"https:\/\/centreedusoma.com\/wp-content\/uploads\/2019\/06\/TheEmotionalBody.png 350w, https:\/\/centreedusoma.com\/wp-content\/uploads\/2019\/06\/TheEmotionalBody-200x300.png 200w\" sizes=\"auto, (max-width: 350px) 100vw, 350px\" \/><\/figure><div class=\"wp-block-media-text__content\">\n\n<p style=\"font-size:14px\">2018: BOND, Laura. <em>The Emotional Body: A Method for Physical Self-Regulation<\/em>. Pure Expressions, LLC. (ISBN: 978-0692046111) <\/p>\n\n<\/div><\/div>\n\n\n\n<div class=\"wp-block-button is-style-default aligncenter\"><a class=\"wp-block-button__link has-very-light-gray-color has-text-color has-background wp-element-button\" href=\"https:\/\/emotionalbody.co\" style=\"background-color:#075f5e\">Emotional Body Team<br><\/a><\/div>\n","protected":false},"excerpt":{"rendered":"<p>\u00ab Apprenez la possibilit\u00e9 d&rsquo;entrer et de sortir d\u2019un \u00e9tat \u00e9motionnel avec pr\u00e9cision. D\u00e9veloppez votre conscience de ce qui se passe avec vos \u00e9motions\u2026 \u00bb (Susana Bloch) \u00abVous \u00eates un corps \u00e9motionnel. [\u2026] des \u00e9motions, qui influencent tout ce que vous sentez, ce que vous pensez, ce que vous faites, ce que vous dites. \u00bb &hellip; <\/p>\n<p class=\"link-more\"><a href=\"https:\/\/centreedusoma.com\/index.php\/alba-emoting\/\" class=\"more-link\">Continuer la lecture<span class=\"screen-reader-text\"> de &laquo;&nbsp;Emotional Body\u00ae \/ Alba Emoting&#x2122;&nbsp;&raquo;<\/span><\/a><\/p>\n","protected":false},"author":1,"featured_media":0,"parent":0,"menu_order":0,"comment_status":"closed","ping_status":"closed","template":"","meta":{"footnotes":""},"class_list":["post-76","page","type-page","status-publish","hentry"],"_links":{"self":[{"href":"https:\/\/centreedusoma.com\/index.php\/wp-json\/wp\/v2\/pages\/76","targetHints":{"allow":["GET"]}}],"collection":[{"href":"https:\/\/centreedusoma.com\/index.php\/wp-json\/wp\/v2\/pages"}],"about":[{"href":"https:\/\/centreedusoma.com\/index.php\/wp-json\/wp\/v2\/types\/page"}],"author":[{"embeddable":true,"href":"https:\/\/centreedusoma.com\/index.php\/wp-json\/wp\/v2\/users\/1"}],"replies":[{"embeddable":true,"href":"https:\/\/centreedusoma.com\/index.php\/wp-json\/wp\/v2\/comments?post=76"}],"version-history":[{"count":33,"href":"https:\/\/centreedusoma.com\/index.php\/wp-json\/wp\/v2\/pages\/76\/revisions"}],"predecessor-version":[{"id":610,"href":"https:\/\/centreedusoma.com\/index.php\/wp-json\/wp\/v2\/pages\/76\/revisions\/610"}],"wp:attachment":[{"href":"https:\/\/centreedusoma.com\/index.php\/wp-json\/wp\/v2\/media?parent=76"}],"curies":[{"name":"wp","href":"https:\/\/api.w.org\/{rel}","templated":true}]}}